{"id":730,"date":"2018-07-26T10:40:07","date_gmt":"2018-07-26T13:40:07","guid":{"rendered":"https:\/\/yrurtia-caba.infd.edu.ar\/sitio\/?page_id=730"},"modified":"2025-10-07T20:43:47","modified_gmt":"2025-10-07T23:43:47","slug":"ingresantes","status":"publish","type":"page","link":"https:\/\/yrurtia-caba.infd.edu.ar\/sitio\/estudiantes\/ingresantes\/","title":{"rendered":"INSCRIPCI\u00d3N 2026"},"content":{"rendered":"<p><strong><span style=\"color: #ff0000;\">&lt;INSCRIPCIONES ABIERTAS &gt;<\/span> desde 6 de octubre hasta el 6 de diciembre de 2025.<\/strong><\/p>\n<p><span style=\"font-weight: 400;\">Se encuentra abierta la inscripci\u00f3n a nuestro Profesorado de artes visuales con orientaci\u00f3n para las carreras de Profesor\/a de Artes Visuales con orientaci\u00f3n en Dibujo, Escultura, Grabado o Pintura (Turno Noche).\u00a0<\/span><\/p>\n<ul>\n<li><span style=\"font-weight: 400;\">Cuentan con\u00a0<\/span><b>INGRESO DIRECTO<\/b><span style=\"font-weight: 400;\">:<br \/>\n<\/span><span style=\"font-weight: 400;\">&#8211; Egresadxs de las escuelas de Educaci\u00f3n Media y Art\u00edstica<strong> Rogelio Yrurtia<\/strong>,<strong> Lola Mora<\/strong> y<strong> Manuel Belgrano<\/strong> (hasta dos materias previas con posibilidad de ser rendidas hasta el 30 de mayo de 2026).<br \/>\n<\/span><span style=\"font-weight: 400;\">&#8211; Lxs que hubieren aprobado el <strong>FIB<\/strong> (Formaci\u00f3n Intensiva B\u00e1sica).<br \/>\n<\/span><span style=\"font-weight: 400;\">&#8211; Lxs que aprueben el <strong>Programa de Acreditaci\u00f3n de Saberes<\/strong><\/span><span style=\"color: #ff0000;\"><strong>*<\/strong><\/span><\/li>\n<\/ul>\n<p><span style=\"font-weight: 400;\">El <strong>primer paso<\/strong> ser\u00e1 pre-inscribirse a trav\u00e9s del Sistema de Gesti\u00f3n Acad\u00e9mica <strong>SIU-Guaran\u00ed<\/strong> en el siguiente link:<br \/>\n<\/span><a href=\"https:\/\/guarani-autogestionfdocente.bue.edu.ar\/preinscripcion\/caba\/\"><span style=\"font-weight: 400;\">https:\/\/guarani-autogestionfdocente.bue.edu.ar\/preinscripcion\/caba\/<\/span><\/a><\/p>\n<p><strong>\u00a1IMPORTANTE!<\/strong> Se sugiere tener la documentaci\u00f3n digitalizada antes de hacer la pre-inscripci\u00f3n (DNI frente y dorso, T\u00edtulo Secundario o Certificado de T\u00edtulo en Tr\u00e1mite, o Certificado de Alumno\/a Regular), ya que la misma ser\u00e1 solicitada por el sistema al momento de completar los formularios.<\/p>\n<p><span style=\"font-weight: 400;\">\u00a0Luego, presentarse en el <\/span><b>Departamento de Alumnxs, de 19 a 22 hs<\/b><span style=\"font-weight: 400;\">., con la siguiente documentaci\u00f3n:<br \/>\n<\/span><b>En una carpeta oficio 3 solapas,<br \/>\n<\/b><span style=\"font-size: inherit;\">1) Fotocopia DNI<\/span><span style=\"font-weight: 400;\"><br \/>\n<\/span><span style=\"font-weight: 400;\">2) Fotocopia t\u00edtulo secundario (si a\u00fan est\u00e1n cursando, una constancia de alumnx regular)<br \/>\n<\/span><span style=\"font-weight: 400;\">3) Fotocopia tramo art\u00edstico (RAV \/ FIB)<\/span><span style=\"font-weight: 400;\"><br \/>\n<\/span><span style=\"font-weight: 400;\">4) Ficha o n\u00famero de pre-inscripci\u00f3n.\u00a0<\/span><\/p>\n<p><span style=\"color: #ff0000;\"><strong>*<\/strong><\/span><span style=\"font-weight: 400;\">Aquellxs interesadxs que <strong>no<\/strong> cumplan con los requisitos del ingreso directo pero que acrediten una formaci\u00f3n art\u00edstica (finalizada o discontinuada), pueden ingresar aprobando el <\/span><b>Programa de Acreditaci\u00f3n de Saberes<\/b><span style=\"font-weight: 400;\">. El mismo consiste en la concurrencia a nuestro establecimiento para realizar una serie de ejercitaciones\/actividades en las cuatro disciplinas (Escultura, Grabado, Dibujo y Pintura), m\u00e1s un coloquio de Historia del Arte, a desarrollarse en el per\u00edodo febrero-marzo del pr\u00f3ximo a\u00f1o (2026).<\/span><\/p>\n","protected":false},"excerpt":{"rendered":"<p>&lt;INSCRIPCIONES ABIERTAS &gt; desde 6 de octubre hasta el 6 de diciembre de 2025. Se encuentra abierta la inscripci\u00f3n a nuestro Profesorado de artes visuales con orientaci\u00f3n para las carreras de Profesor\/a de Artes Visuales con orientaci\u00f3n en Dibujo, Escultura, Grabado o Pintura (Turno Noche).\u00a0 Cuentan con\u00a0INGRESO DIRECTO: &#8211; Egresadxs de las escuelas de Educaci\u00f3n &#8230; <a title=\"INSCRIPCI\u00d3N 2026\" class=\"read-more\" href=\"https:\/\/yrurtia-caba.infd.edu.ar\/sitio\/estudiantes\/ingresantes\/\" aria-label=\"More on INSCRIPCI\u00d3N 2026\">[+]<\/a><\/p>\n","protected":false},"author":6,"featured_media":0,"parent":692,"menu_order":0,"comment_status":"closed","ping_status":"closed","template":"","meta":[],"acf":[],"_links":{"self":[{"href":"https:\/\/yrurtia-caba.infd.edu.ar\/sitio\/wp-json\/wp\/v2\/pages\/730"}],"collection":[{"href":"https:\/\/yrurtia-caba.infd.edu.ar\/sitio\/wp-json\/wp\/v2\/pages"}],"about":[{"href":"https:\/\/yrurtia-caba.infd.edu.ar\/sitio\/wp-json\/wp\/v2\/types\/page"}],"author":[{"embeddable":true,"href":"https:\/\/yrurtia-caba.infd.edu.ar\/sitio\/wp-json\/wp\/v2\/users\/6"}],"replies":[{"embeddable":true,"href":"https:\/\/yrurtia-caba.infd.edu.ar\/sitio\/wp-json\/wp\/v2\/comments?post=730"}],"version-history":[{"count":10,"href":"https:\/\/yrurtia-caba.infd.edu.ar\/sitio\/wp-json\/wp\/v2\/pages\/730\/revisions"}],"predecessor-version":[{"id":1040,"href":"https:\/\/yrurtia-caba.infd.edu.ar\/sitio\/wp-json\/wp\/v2\/pages\/730\/revisions\/1040"}],"up":[{"embeddable":true,"href":"https:\/\/yrurtia-caba.infd.edu.ar\/sitio\/wp-json\/wp\/v2\/pages\/692"}],"wp:attachment":[{"href":"https:\/\/yrurtia-caba.infd.edu.ar\/sitio\/wp-json\/wp\/v2\/media?parent=730"}],"curies":[{"name":"wp","href":"https:\/\/api.w.org\/{rel}","templated":true}]}}